{"id":9,"date":"2011-10-17T19:21:16","date_gmt":"2011-10-17T17:21:16","guid":{"rendered":"http:\/\/www.jedalenstop.sk\/?page_id=9"},"modified":"2019-10-28T22:43:15","modified_gmt":"2019-10-28T20:43:15","slug":"party-service","status":"publish","type":"page","link":"https:\/\/www.jedalenstop.sk\/?page_id=9","title":{"rendered":"Oblo\u017een\u00e9 misy"},"content":{"rendered":"<p lang=\"sk-SK\">Rodinn\u00e9 a firemn\u00e9 oslavy<\/p>\n<p>Studen\u00e9 misy, oblo\u017een\u00e9 chleb\u00ed\u010dky, kol\u00e1\u010de pripraven\u00e9 na objedn\u00e1vku a pod\u013ea Va\u0161ich po\u017eiadaviek sa stan\u00fa ozdobou sl\u00e1vnostn\u00e9ho posedenia v rodinnom kruhu alebo na firemnej oslave. Nev\u00e1hajte, kontaktujte n\u00e1s na tel.\u010d. 0904 904 774 a my sa postar\u00e1me o ostatn\u00e9. Priprav\u00edme pohostenie pre Va\u0161ich obchodn\u00fdch partnerov, kolegov, rodinu i zn\u00e1mych.<\/p>\n\n\t\t<style type=\"text\/css\">\n\t\t\t#gallery-1 {\n\t\t\t\tmargin: auto;\n\t\t\t}\n\t\t\t#gallery-1 .gallery-item {\n\t\t\t\tfloat: left;\n\t\t\t\tmargin-top: 10px;\n\t\t\t\ttext-align: center;\n\t\t\t\twidth: 33%;\n\t\t\t}\n\t\t\t#gallery-1 img {\n\t\t\t\tborder: 2px solid #cfcfcf;\n\t\t\t}\n\t\t\t#gallery-1 .gallery-caption {\n\t\t\t\tmargin-left: 0;\n\t\t\t}\n\t\t\t\/* see gallery_shortcode() in wp-includes\/media.php *\/\n\t\t<\/style>\n\t\t<div id='gallery-1' class='gallery galleryid-9 gallery-columns-3 gallery-size-thumbnail'><dl class='gallery-item'>\n\t\t\t<dt class='gallery-icon landscape'>\n\t\t\t\t<a href='https:\/\/www.jedalenstop.sk\/?attachment_id=12'><img width=\"150\" height=\"150\" src=\"https:\/\/www.jedalenstop.sk\/wp-content\/uploads\/Rezne-so-\u0161al\u00e1tom-150x150.jpg\" class=\"attachment-thumbnail size-thumbnail\" alt=\"\" decoding=\"async\" loading=\"lazy\" \/><\/a>\n\t\t\t<\/dt><\/dl><dl class='gallery-item'>\n\t\t\t<dt class='gallery-icon landscape'>\n\t\t\t\t<a href='https:\/\/www.jedalenstop.sk\/?attachment_id=13'><img width=\"150\" height=\"150\" src=\"https:\/\/www.jedalenstop.sk\/wp-content\/uploads\/Rol\u00e1dov\u00e1-s-olivami-150x150.jpg\" class=\"attachment-thumbnail size-thumbnail\" alt=\"\" decoding=\"async\" loading=\"lazy\" \/><\/a>\n\t\t\t<\/dt><\/dl><dl class='gallery-item'>\n\t\t\t<dt class='gallery-icon landscape'>\n\t\t\t\t<a href='https:\/\/www.jedalenstop.sk\/?attachment_id=14'><img width=\"150\" height=\"150\" src=\"https:\/\/www.jedalenstop.sk\/wp-content\/uploads\/Syrov\u00e9-prekvapenie-150x150.jpg\" class=\"attachment-thumbnail size-thumbnail\" alt=\"\" decoding=\"async\" loading=\"lazy\" \/><\/a>\n\t\t\t<\/dt><\/dl><br style=\"clear: both\" \/><dl class='gallery-item'>\n\t\t\t<dt class='gallery-icon landscape'>\n\t\t\t\t<a href='https:\/\/www.jedalenstop.sk\/?attachment_id=15'><img width=\"150\" height=\"150\" src=\"https:\/\/www.jedalenstop.sk\/wp-content\/uploads\/\u0160\u0165avnat\u00e9-rezn\u00edky-150x150.jpg\" class=\"attachment-thumbnail size-thumbnail\" alt=\"\" decoding=\"async\" loading=\"lazy\" \/><\/a>\n\t\t\t<\/dt><\/dl><dl class='gallery-item'>\n\t\t\t<dt class='gallery-icon landscape'>\n\t\t\t\t<a href='https:\/\/www.jedalenstop.sk\/?attachment_id=40'><img width=\"150\" height=\"150\" src=\"https:\/\/www.jedalenstop.sk\/wp-content\/uploads\/DSC000181-150x150.jpg\" class=\"attachment-thumbnail size-thumbnail\" alt=\"\" decoding=\"async\" loading=\"lazy\" \/><\/a>\n\t\t\t<\/dt><\/dl><dl class='gallery-item'>\n\t\t\t<dt class='gallery-icon landscape'>\n\t\t\t\t<a href='https:\/\/www.jedalenstop.sk\/?attachment_id=42'><img width=\"150\" height=\"150\" src=\"https:\/\/www.jedalenstop.sk\/wp-content\/uploads\/DSC000201-150x150.jpg\" class=\"attachment-thumbnail size-thumbnail\" alt=\"\" decoding=\"async\" loading=\"lazy\" \/><\/a>\n\t\t\t<\/dt><\/dl><br style=\"clear: both\" \/><dl class='gallery-item'>\n\t\t\t<dt class='gallery-icon landscape'>\n\t\t\t\t<a href='https:\/\/www.jedalenstop.sk\/?attachment_id=43'><img width=\"150\" height=\"150\" src=\"https:\/\/www.jedalenstop.sk\/wp-content\/uploads\/DSC000211-150x150.jpg\" class=\"attachment-thumbnail size-thumbnail\" alt=\"\" decoding=\"async\" loading=\"lazy\" \/><\/a>\n\t\t\t<\/dt><\/dl><dl class='gallery-item'>\n\t\t\t<dt class='gallery-icon landscape'>\n\t\t\t\t<a href='https:\/\/www.jedalenstop.sk\/?attachment_id=44'><img width=\"150\" height=\"150\" src=\"https:\/\/www.jedalenstop.sk\/wp-content\/uploads\/DSC000221-150x150.jpg\" class=\"attachment-thumbnail size-thumbnail\" alt=\"\" decoding=\"async\" loading=\"lazy\" \/><\/a>\n\t\t\t<\/dt><\/dl><dl class='gallery-item'>\n\t\t\t<dt class='gallery-icon landscape'>\n\t\t\t\t<a href='https:\/\/www.jedalenstop.sk\/?attachment_id=10'><img width=\"150\" height=\"150\" src=\"https:\/\/www.jedalenstop.sk\/wp-content\/uploads\/Jarn\u00e1-misa-150x150.jpg\" class=\"attachment-thumbnail size-thumbnail\" alt=\"\" decoding=\"async\" loading=\"lazy\" \/><\/a>\n\t\t\t<\/dt><\/dl><br style=\"clear: both\" \/><dl class='gallery-item'>\n\t\t\t<dt class='gallery-icon landscape'>\n\t\t\t\t<a href='https:\/\/www.jedalenstop.sk\/?attachment_id=11'><img width=\"150\" height=\"150\" src=\"https:\/\/www.jedalenstop.sk\/wp-content\/uploads\/Oblo\u017een\u00e9-chleb\u00ed\u010dky-150x150.jpg\" class=\"attachment-thumbnail size-thumbnail\" alt=\"\" decoding=\"async\" loading=\"lazy\" \/><\/a>\n\t\t\t<\/dt><\/dl><dl class='gallery-item'>\n\t\t\t<dt class='gallery-icon landscape'>\n\t\t\t\t<a href='https:\/\/www.jedalenstop.sk\/?attachment_id=484'><img width=\"150\" height=\"150\" src=\"https:\/\/www.jedalenstop.sk\/wp-content\/uploads\/20160917_2208231-150x150.jpg\" class=\"attachment-thumbnail size-thumbnail\" alt=\"\" decoding=\"async\" loading=\"lazy\" \/><\/a>\n\t\t\t<\/dt><\/dl>\n\t\t\t<br style='clear: both' \/>\n\t\t<\/div>\n\n","protected":false},"excerpt":{"rendered":"<p>Rodinn\u00e9 a firemn\u00e9 oslavy Studen\u00e9 misy, oblo\u017een\u00e9 chleb\u00ed\u010dky, kol\u00e1\u010de pripraven\u00e9 na objedn\u00e1vku a pod\u013ea Va\u0161ich po\u017eiadaviek sa stan\u00fa ozdobou sl\u00e1vnostn\u00e9ho posedenia v rodinnom kruhu alebo na firemnej oslave. Nev\u00e1hajte, kontaktujte n\u00e1s na tel.\u010d. 0904 904 774 a my sa postar\u00e1me o ostatn\u00e9. Priprav\u00edme pohostenie pre Va\u0161ich obchodn\u00fdch partnerov, kolegov, rodinu i zn\u00e1mych.<\/p>\n","protected":false},"author":1,"featured_media":0,"parent":0,"menu_order":0,"comment_status":"closed","ping_status":"open","template":"","meta":[],"_links":{"self":[{"href":"https:\/\/www.jedalenstop.sk\/index.php?rest_route=\/wp\/v2\/pages\/9"}],"collection":[{"href":"https:\/\/www.jedalenstop.sk\/index.php?rest_route=\/wp\/v2\/pages"}],"about":[{"href":"https:\/\/www.jedalenstop.sk\/index.php?rest_route=\/wp\/v2\/types\/page"}],"author":[{"embeddable":true,"href":"https:\/\/www.jedalenstop.sk\/index.php?rest_route=\/wp\/v2\/users\/1"}],"replies":[{"embeddable":true,"href":"https:\/\/www.jedalenstop.sk\/index.php?rest_route=%2Fwp%2Fv2%2Fcomments&post=9"}],"version-history":[{"count":8,"href":"https:\/\/www.jedalenstop.sk\/index.php?rest_route=\/wp\/v2\/pages\/9\/revisions"}],"predecessor-version":[{"id":681,"href":"https:\/\/www.jedalenstop.sk\/index.php?rest_route=\/wp\/v2\/pages\/9\/revisions\/681"}],"wp:attachment":[{"href":"https:\/\/www.jedalenstop.sk\/index.php?rest_route=%2Fwp%2Fv2%2Fmedia&parent=9"}],"curies":[{"name":"wp","href":"https:\/\/api.w.org\/{rel}","templated":true}]}}